{"id":53,"date":"2019-04-09T08:34:08","date_gmt":"2019-04-09T06:34:08","guid":{"rendered":"http:\/\/wito-verlag.at\/wordpress\/?post_type=product&#038;p=53"},"modified":"2026-04-28T13:58:52","modified_gmt":"2026-04-28T11:58:52","slug":"buchhofer-rezeptideen","status":"publish","type":"product","link":"https:\/\/wito-verlag.at\/wordpress\/?product=buchhofer-rezeptideen","title":{"rendered":"Buchhofer Rezeptideen"},"content":{"rendered":"<p>Das Team der Landwirtschaftlichen Fachschule Buchhof und Gudrun Steinkellner, Autorin von <em>Kochen wie fr\u00fcher im Lavanttal<\/em>,\u00a0 haben erprobte Rezepte der Schule gesammelt. Das Buch bietet dar\u00fcberhinaus Tipps &amp; Tricks aus bew\u00e4hrter K\u00fcchenpraxis. Gutes Gelingen!<\/p>\n<p>Kostenloser Versand innerhalb \u00d6sterreichs.<\/p>\n<ul>\n<li>ISBN 978-3-<strong>200-06245<\/strong>-0<\/li>\n<li>192 Seiten, jedes Rezept mit f\u00e4rbigem Bild<\/li>\n<li>Hardcover<\/li>\n<li>\u20ac\u00a0 24,90<\/li>\n<li>3. Auflage, 2022<\/li>\n<\/ul>\n","protected":false},"excerpt":{"rendered":"<p>Im Jahr 1939 als Landfrauenschule Buchhof er\u00f6ffnet, hat sich die Landwirtschaftliche Fachschule Buchhof als beliebte Bildungs- und Begegnungsst\u00e4tte im Lavanttal etabliert. Sie hat sich als GenussSchule entwickelt &#8211; mit heimischen Lebensmitteln, Nachhaltigkeit, Saisonalit\u00e4t und Praxisbezug. Der Slowfood-Gedanke ist eine Selbstverst\u00e4ndlichkeit.<\/p>\n","protected":false},"featured_media":55,"template":"","meta":{"jetpack_post_was_ever_published":false,"jetpack_publicize_message":"","jetpack_publicize_feature_enabled":true,"jetpack_social_post_already_shared":true,"jetpack_social_options":{"image_generator_settings":{"template":"highway","enabled":false},"version":2}},"product_cat":[15],"product_tag":[24,19,23,22,16,20,21],"class_list":{"0":"post-53","1":"product","2":"type-product","3":"status-publish","4":"has-post-thumbnail","6":"product_cat-kochbuecher","7":"product_tag-basiswissen","8":"product_tag-buchhof","9":"product_tag-grundrezepte","10":"product_tag-kaernten","11":"product_tag-kochen","12":"product_tag-landwirtschaftliche-fachschule","13":"product_tag-lavanttal","15":"first","16":"instock","17":"purchasable","18":"product-type-simple"},"jetpack_publicize_connections":[],"jetpack_sharing_enabled":true,"jetpack-related-posts":[],"_links":{"self":[{"href":"https:\/\/wito-verlag.at\/wordpress\/index.php?rest_route=\/wp\/v2\/product\/53"}],"collection":[{"href":"https:\/\/wito-verlag.at\/wordpress\/index.php?rest_route=\/wp\/v2\/product"}],"about":[{"href":"https:\/\/wito-verlag.at\/wordpress\/index.php?rest_route=\/wp\/v2\/types\/product"}],"wp:featuredmedia":[{"embeddable":true,"href":"https:\/\/wito-verlag.at\/wordpress\/index.php?rest_route=\/wp\/v2\/media\/55"}],"wp:attachment":[{"href":"https:\/\/wito-verlag.at\/wordpress\/index.php?rest_route=%2Fwp%2Fv2%2Fmedia&parent=53"}],"wp:term":[{"taxonomy":"product_cat","embeddable":true,"href":"https:\/\/wito-verlag.at\/wordpress\/index.php?rest_route=%2Fwp%2Fv2%2Fproduct_cat&post=53"},{"taxonomy":"product_tag","embeddable":true,"href":"https:\/\/wito-verlag.at\/wordpress\/index.php?rest_route=%2Fwp%2Fv2%2Fproduct_tag&post=53"}],"curies":[{"name":"wp","href":"https:\/\/api.w.org\/{rel}","templated":true}]}}