{"id":338,"date":"2021-10-04T19:27:35","date_gmt":"2021-10-04T17:27:35","guid":{"rendered":"https:\/\/wito-verlag.at\/wordpress\/?post_type=product&#038;p=338"},"modified":"2023-04-19T10:46:31","modified_gmt":"2023-04-19T08:46:31","slug":"kochen-wie-frueher-in-kaernten","status":"publish","type":"product","link":"https:\/\/wito-verlag.at\/wordpress\/?product=kochen-wie-frueher-in-kaernten","title":{"rendered":"Kochen wie fr\u00fcher in K\u00e4rnten"},"content":{"rendered":"<p style=\"font-weight: 400; text-align: left;\">260 Rezepte der traditionellen K\u00e4rntner K\u00fcche und viele Informationen, wie bei uns fr\u00fcher gekocht, gegessen und gelebt und gesprochen wurde.<\/p>\n<p style=\"font-weight: 400;\">Das Buch ist eine Sammlung von althergebrachten K\u00e4rntner Rezepten und Speisen, die auch heute noch oft und gerne zubereitet werden \u2013 von verschiedenen Suppen, Fleisch- und Gem\u00fcsegerichten, \u00fcber die vielen Arten der K\u00e4rntner Nudelspezialit\u00e4ten, bis hin zu Mehlspeisen, Nachspeisen und Backrezepten \u2026\u00a0Um sie in Erinnerung zu rufen, zu bewahren.<\/p>\n<p style=\"font-weight: 400;\">Die K\u00e4rntner K\u00fcche hat viel zu bieten!<\/p>\n<p style=\"font-weight: 400;\">\u00a0Bestellte B\u00fccher werden innerhalb von \u00d6sterreich\u00a0<strong>versandkostenfrei<\/strong>\u00a0verschickt.<\/p>\n<ul style=\"font-weight: 400;\">\n<li>Sprache: Deutsch<\/li>\n<li>192 Seiten; 16.4 cm x 24 cm. Jedes Rezept mit Foto<\/li>\n<li>ISBN\u00a0978-3-200-07856-7<\/li>\n<li>2. Auflage, 2021<\/li>\n<\/ul>\n","protected":false},"excerpt":{"rendered":"<blockquote>\n<p style=\"text-align: left;\">\n<\/blockquote>\n","protected":false},"featured_media":339,"template":"","meta":{"jetpack_post_was_ever_published":false,"jetpack_publicize_message":"","jetpack_publicize_feature_enabled":true,"jetpack_social_post_already_shared":true,"jetpack_social_options":{"image_generator_settings":{"template":"highway","enabled":false},"version":2}},"product_cat":[15],"product_tag":[22,16,18],"class_list":{"0":"post-338","1":"product","2":"type-product","3":"status-publish","4":"has-post-thumbnail","6":"product_cat-kochbuecher","7":"product_tag-kaernten","8":"product_tag-kochen","9":"product_tag-kochen-wie-frueher","11":"first","12":"instock","13":"taxable","14":"shipping-taxable","15":"purchasable","16":"product-type-simple"},"jetpack_publicize_connections":[],"jetpack_sharing_enabled":true,"jetpack-related-posts":[],"_links":{"self":[{"href":"https:\/\/wito-verlag.at\/wordpress\/index.php?rest_route=\/wp\/v2\/product\/338"}],"collection":[{"href":"https:\/\/wito-verlag.at\/wordpress\/index.php?rest_route=\/wp\/v2\/product"}],"about":[{"href":"https:\/\/wito-verlag.at\/wordpress\/index.php?rest_route=\/wp\/v2\/types\/product"}],"wp:featuredmedia":[{"embeddable":true,"href":"https:\/\/wito-verlag.at\/wordpress\/index.php?rest_route=\/wp\/v2\/media\/339"}],"wp:attachment":[{"href":"https:\/\/wito-verlag.at\/wordpress\/index.php?rest_route=%2Fwp%2Fv2%2Fmedia&parent=338"}],"wp:term":[{"taxonomy":"product_cat","embeddable":true,"href":"https:\/\/wito-verlag.at\/wordpress\/index.php?rest_route=%2Fwp%2Fv2%2Fproduct_cat&post=338"},{"taxonomy":"product_tag","embeddable":true,"href":"https:\/\/wito-verlag.at\/wordpress\/index.php?rest_route=%2Fwp%2Fv2%2Fproduct_tag&post=338"}],"curies":[{"name":"wp","href":"https:\/\/api.w.org\/{rel}","templated":true}]}}