{"id":11,"date":"2018-04-29T11:38:22","date_gmt":"2018-04-29T09:38:22","guid":{"rendered":"http:\/\/wito-verlag.at\/wordpress\/?post_type=product&#038;p=11"},"modified":"2023-01-02T13:18:25","modified_gmt":"2023-01-02T12:18:25","slug":"kochen-wie-frueher-im-lavanttal","status":"publish","type":"product","link":"https:\/\/wito-verlag.at\/wordpress\/?product=kochen-wie-frueher-im-lavanttal","title":{"rendered":"Kochen wie fr\u00fcher im Lavanttal"},"content":{"rendered":"<p>Traditionelle Rezepte aus K\u00e4rnten mit Schwerpunkt Lavanttal<\/p>\n<p>Strugglnudel, Piggalan, Scheadlan &amp; Co \u2013 in diesem Kochbuch finden Sie alte Rezepte aus K\u00e4rnten, viele davon speziell aus dem Lavanttal, sowie bekannte Rezepte aus der b\u00fcrgerlichen K\u00fcche ab dem Jahr 1897.<\/p>\n<p>Dazu gibt es viele Hintergrundinformationen \u00fcber die Lebensmittel, die in unserer Gegend traditionell gekocht und gegessen wurden.<\/p>\n<p>&nbsp;<\/p>\n<p>Bestellte B\u00fccher werden innerhalb von \u00d6sterreich <strong>versandkostenfrei<\/strong> verschickt.<\/p>\n<ul>\n<li>Sprache: Deutsch<\/li>\n<li>192 Seiten; 16.4 cm x 24 cm. Jedes Rezept mit Foto<\/li>\n<li>ISBN\u00a0978-3-200-05303-8<\/li>\n<\/ul>\n","protected":false},"excerpt":{"rendered":"<p>Strugglnudel, Piggalan, Scheadlan &amp; Co \u2013 in diesem Kochbuch finden Sie alte Rezepte aus K\u00e4rnten, viele davon speziell aus dem Lavanttal, sowie bekannte Rezepte aus der b\u00fcrgerlichen K\u00fcche ab dem Jahr 1897.<\/p>\n","protected":false},"featured_media":546,"template":"","meta":{"jetpack_post_was_ever_published":false,"jetpack_publicize_message":"","jetpack_publicize_feature_enabled":true,"jetpack_social_post_already_shared":true,"jetpack_social_options":{"image_generator_settings":{"template":"highway","enabled":false},"version":2}},"product_cat":[15],"product_tag":[16,18,17],"class_list":{"0":"post-11","1":"product","2":"type-product","3":"status-publish","4":"has-post-thumbnail","6":"product_cat-kochbuecher","7":"product_tag-kochen","8":"product_tag-kochen-wie-frueher","9":"product_tag-lavantal","11":"first","12":"instock","13":"purchasable","14":"product-type-simple"},"jetpack_publicize_connections":[],"jetpack_sharing_enabled":true,"jetpack-related-posts":[],"_links":{"self":[{"href":"https:\/\/wito-verlag.at\/wordpress\/index.php?rest_route=\/wp\/v2\/product\/11"}],"collection":[{"href":"https:\/\/wito-verlag.at\/wordpress\/index.php?rest_route=\/wp\/v2\/product"}],"about":[{"href":"https:\/\/wito-verlag.at\/wordpress\/index.php?rest_route=\/wp\/v2\/types\/product"}],"wp:featuredmedia":[{"embeddable":true,"href":"https:\/\/wito-verlag.at\/wordpress\/index.php?rest_route=\/wp\/v2\/media\/546"}],"wp:attachment":[{"href":"https:\/\/wito-verlag.at\/wordpress\/index.php?rest_route=%2Fwp%2Fv2%2Fmedia&parent=11"}],"wp:term":[{"taxonomy":"product_cat","embeddable":true,"href":"https:\/\/wito-verlag.at\/wordpress\/index.php?rest_route=%2Fwp%2Fv2%2Fproduct_cat&post=11"},{"taxonomy":"product_tag","embeddable":true,"href":"https:\/\/wito-verlag.at\/wordpress\/index.php?rest_route=%2Fwp%2Fv2%2Fproduct_tag&post=11"}],"curies":[{"name":"wp","href":"https:\/\/api.w.org\/{rel}","templated":true}]}}